{"id":7,"date":"2023-03-16T16:17:25","date_gmt":"2023-03-16T16:17:25","guid":{"rendered":"https:\/\/cbmusik.de\/?page_id=7"},"modified":"2026-04-04T11:08:19","modified_gmt":"2026-04-04T11:08:19","slug":"livemusik-der-gehobenen-art","status":"publish","type":"page","link":"https:\/\/cbmusik.de\/","title":{"rendered":"Pianist, Arrangeur, Komponist"},"content":{"rendered":"\n<h2 class=\"wp-block-heading\" id=\"top\" style=\"font-style:normal;font-weight:200\">Klavier solo f\u00fcr das stilvolle Ambiente<\/h2>\n\n\n\n<p>Klaviermusik live f\u00fcr eine sch\u00f6ne Atmosph\u00e4re bei Feiern, Empf\u00e4ngen, Veranstaltungen verschiedenster Art \u2013 Hochzeiten, Privatfeste, Hotelbar, Restaurant \u2026<\/p>\n\n\n\n<h2 class=\"wp-block-heading\" id=\"livemusik\" style=\"font-style:normal;font-weight:200\">Livemusik-Ensembles der gehobenen Art<br>Von Duo bis 5-k\u00f6pfige Band oder mehr<\/h2>\n\n\n\n<p>Handgemachte, echte Musik mit Herz und Qualit\u00e4tsanspruch, nicht zu laut, stilvoll und passend zur Veranstaltung, mal konzertant, mal dezent im Hintergrund, mal witzig originell, mal spritzig, swingig und herzerweichend romantisch. Aber laute Party- und Tanzmusik sind nicht unser\/mein Metier, wobei es durchaus mitrei\u00dfend lebendig mit Power zur Sache gehen kann bei entsprechender Gelegenheit und bei den jeweiligen Titeln im Programm. Wer uns\/mich bereits kennt, wei\u00df, was gemeint ist.<\/p>\n\n\n\n<h2 class=\"wp-block-heading\" id=\"anlass\" style=\"font-style:normal;font-weight:200\">Ihr Anlass?<\/h2>\n\n\n\n<p>Trauungen &amp; Hochzeitsfeiern, Privatfeste, Jubil\u00e4en, Firmenfeiern, Ausstellungen, Konzerte, Trauerfeiern \u2026 Die genau passende, sensibel abgestimmte Musik veredelt jede Veranstaltung und macht sie f\u00fcr Gastgeber und Besucher zu einem besonderen Erlebnis. Von solo am Klavier \u00fcber kleine bis gro\u00dfe Besetzung biete ich Ihnen die Anzahl der Musiker ganz nach Ihrer Wahl.<\/p>\n\n\n\n<h2 class=\"wp-block-heading has-text-align-center has-large-font-size\" style=\"font-style:normal;font-weight:200\">Sie haben die Wahl.<br>Wie viele Musiker sollen es sein?<\/h2>\n\n\n\n<div class=\"wp-block-cover alignfull is-light\" id=\"1musiker\"><span aria-hidden=\"true\" class=\"wp-block-cover__background has-background-dim-60 has-background-dim\" style=\"background-color:#cccccc\"><\/span><div class=\"wp-block-cover__inner-container is-layout-flow wp-block-cover-is-layout-flow\">\n<h2 class=\"wp-block-heading alignwide has-large-font-size\" id=\"christoph_berghorn\" style=\"font-style:normal;font-weight:200\">Klavier solo<\/h2>\n\n\n\n<div class=\"wp-block-media-text alignwide is-stacked-on-mobile\"><figure class=\"wp-block-media-text__media\"><img loading=\"lazy\" decoding=\"async\" width=\"1024\" height=\"1024\" src=\"https:\/\/cbmusik.de\/wp-content\/uploads\/2023\/03\/cbmusik_1500x1500_0012_cb-solo-2_sw-1024x1024.jpg\" alt=\"\" class=\"wp-image-42 size-full\" srcset=\"https:\/\/cbmusik.de\/wp-content\/uploads\/2023\/03\/cbmusik_1500x1500_0012_cb-solo-2_sw-1024x1024.jpg 1024w, https:\/\/cbmusik.de\/wp-content\/uploads\/2023\/03\/cbmusik_1500x1500_0012_cb-solo-2_sw-300x300.jpg 300w, https:\/\/cbmusik.de\/wp-content\/uploads\/2023\/03\/cbmusik_1500x1500_0012_cb-solo-2_sw-150x150.jpg 150w, https:\/\/cbmusik.de\/wp-content\/uploads\/2023\/03\/cbmusik_1500x1500_0012_cb-solo-2_sw-768x768.jpg 768w, https:\/\/cbmusik.de\/wp-content\/uploads\/2023\/03\/cbmusik_1500x1500_0012_cb-solo-2_sw.jpg 1500w\" sizes=\"auto, (max-width: 1024px) 100vw, 1024px\" \/><\/figure><div class=\"wp-block-media-text__content\">\n<h3 class=\"wp-block-heading has-large-font-size\" style=\"font-style:normal;font-weight:200\">Chistoph Berghorn an den Tasten<\/h3>\n\n\n\n<p>Auftritte als Backgroundpianist im Restaurant, auf der Messe oder \u00fcberall da, wo f\u00fcr ein Event musikalische Untermalung gesucht wird.<\/p>\n\n\n\n<p>Professionelle Begleitung von Musikern\/Musikerinnen bei Trauungen, Feiern, Veranstaltungen \u2026<\/p>\n\n\n\n<p>Kreation und Einspielung von Klavier- und Keyboardparts f\u00fcr Studioproduktionen.<\/p>\n<\/div><\/div>\n<\/div><\/div>\n\n\n\n<div class=\"wp-block-cover alignfull is-light\" id=\"2musiker\"><span aria-hidden=\"true\" class=\"wp-block-cover__background has-white-background-color has-background-dim-70 has-background-dim\"><\/span><div class=\"wp-block-cover__inner-container is-layout-flow wp-block-cover-is-layout-flow\">\n<h2 class=\"wp-block-heading alignwide has-text-align-center has-large-font-size\" id=\"2_musiker\" style=\"font-style:normal;font-weight:200\">2 Musiker<\/h2>\n\n\n\n<div style=\"height:33px\" aria-hidden=\"true\" class=\"wp-block-spacer\"><\/div>\n\n\n\n<div class=\"wp-block-media-text alignwide is-stacked-on-mobile\"><figure class=\"wp-block-media-text__media\"><img loading=\"lazy\" decoding=\"async\" width=\"1024\" height=\"1024\" src=\"https:\/\/cbmusik.de\/wp-content\/uploads\/2023\/03\/cbmusik_1500x1500_0004_cb-miryam-duo-3_sw-1024x1024.jpg\" alt=\"\" class=\"wp-image-54 size-full\" srcset=\"https:\/\/cbmusik.de\/wp-content\/uploads\/2023\/03\/cbmusik_1500x1500_0004_cb-miryam-duo-3_sw-1024x1024.jpg 1024w, https:\/\/cbmusik.de\/wp-content\/uploads\/2023\/03\/cbmusik_1500x1500_0004_cb-miryam-duo-3_sw-300x300.jpg 300w, https:\/\/cbmusik.de\/wp-content\/uploads\/2023\/03\/cbmusik_1500x1500_0004_cb-miryam-duo-3_sw-150x150.jpg 150w, https:\/\/cbmusik.de\/wp-content\/uploads\/2023\/03\/cbmusik_1500x1500_0004_cb-miryam-duo-3_sw-768x768.jpg 768w, https:\/\/cbmusik.de\/wp-content\/uploads\/2023\/03\/cbmusik_1500x1500_0004_cb-miryam-duo-3_sw.jpg 1500w\" sizes=\"auto, (max-width: 1024px) 100vw, 1024px\" \/><\/figure><div class=\"wp-block-media-text__content\">\n<p>Zum Beispiel:<\/p>\n\n\n\n<h3 class=\"wp-block-heading has-large-font-size\" style=\"font-style:normal;font-weight:200\">Duo \u201eCr\u00e8me Fresh\u201c mit S\u00e4ngerin Miryam Stober<\/h3>\n\n\n\n<p>Website: <a href=\"https:\/\/duo-creme-fresh.de\" target=\"_blank\" rel=\"noreferrer noopener\">www.duo-creme-fresh.de<\/a><\/p>\n<\/div><\/div>\n\n\n\n<div class=\"wp-block-media-text alignwide has-media-on-the-right is-stacked-on-mobile\"><div class=\"wp-block-media-text__content\">\n<p>&#8230; oder<\/p>\n\n\n\n<h3 class=\"wp-block-heading has-large-font-size\" style=\"font-style:normal;font-weight:200\">Duo \u201eWonderful\u201c mit S\u00e4nger Willi Sch\u00fclingkamp<\/h3>\n<\/div><figure class=\"wp-block-media-text__media\"><img loading=\"lazy\" decoding=\"async\" width=\"1024\" height=\"1024\" src=\"https:\/\/cbmusik.de\/wp-content\/uploads\/2023\/03\/cbmusik_1500x1500_0014_cb-duo-willy_sw-1024x1024.jpg\" alt=\"\" class=\"wp-image-55 size-full\" srcset=\"https:\/\/cbmusik.de\/wp-content\/uploads\/2023\/03\/cbmusik_1500x1500_0014_cb-duo-willy_sw-1024x1024.jpg 1024w, https:\/\/cbmusik.de\/wp-content\/uploads\/2023\/03\/cbmusik_1500x1500_0014_cb-duo-willy_sw-300x300.jpg 300w, https:\/\/cbmusik.de\/wp-content\/uploads\/2023\/03\/cbmusik_1500x1500_0014_cb-duo-willy_sw-150x150.jpg 150w, https:\/\/cbmusik.de\/wp-content\/uploads\/2023\/03\/cbmusik_1500x1500_0014_cb-duo-willy_sw-768x768.jpg 768w, https:\/\/cbmusik.de\/wp-content\/uploads\/2023\/03\/cbmusik_1500x1500_0014_cb-duo-willy_sw.jpg 1500w\" sizes=\"auto, (max-width: 1024px) 100vw, 1024px\" \/><\/figure><\/div>\n<\/div><\/div>\n\n\n\n<div class=\"wp-block-cover alignfull is-light\" id=\"3musiker\"><span aria-hidden=\"true\" class=\"wp-block-cover__background has-background-dim-100 has-background-dim\" style=\"background-color:#cccccc\"><\/span><div class=\"wp-block-cover__inner-container is-layout-flow wp-block-cover-is-layout-flow\">\n<h2 class=\"wp-block-heading alignwide has-text-align-center has-large-font-size\" id=\"trio_quartett\" style=\"font-style:normal;font-weight:200\">Trio, Quartett oder mehr?<\/h2>\n\n\n\n<div style=\"height:33px\" aria-hidden=\"true\" class=\"wp-block-spacer\"><\/div>\n\n\n\n<div class=\"wp-block-media-text alignwide is-stacked-on-mobile\"><figure class=\"wp-block-media-text__media\"><img loading=\"lazy\" decoding=\"async\" width=\"300\" height=\"300\" src=\"https:\/\/cbmusik.de\/wp-content\/uploads\/2023\/03\/cbmusik_1500x1500_0044_Willy-und-Miryam_sw-300x300.jpg\" alt=\"\" class=\"wp-image-75 size-medium\" srcset=\"https:\/\/cbmusik.de\/wp-content\/uploads\/2023\/03\/cbmusik_1500x1500_0044_Willy-und-Miryam_sw-300x300.jpg 300w, https:\/\/cbmusik.de\/wp-content\/uploads\/2023\/03\/cbmusik_1500x1500_0044_Willy-und-Miryam_sw-1024x1024.jpg 1024w, https:\/\/cbmusik.de\/wp-content\/uploads\/2023\/03\/cbmusik_1500x1500_0044_Willy-und-Miryam_sw-150x150.jpg 150w, https:\/\/cbmusik.de\/wp-content\/uploads\/2023\/03\/cbmusik_1500x1500_0044_Willy-und-Miryam_sw-768x768.jpg 768w, https:\/\/cbmusik.de\/wp-content\/uploads\/2023\/03\/cbmusik_1500x1500_0044_Willy-und-Miryam_sw.jpg 1500w\" sizes=\"auto, (max-width: 300px) 100vw, 300px\" \/><\/figure><div class=\"wp-block-media-text__content\">\n<h3 class=\"wp-block-heading has-large-font-size\" style=\"font-style:normal;font-weight:200\">Trio mit Miryam Stober (Gesang, Geige) und Willi Sch\u00fclingkamp<\/h3>\n<\/div><\/div>\n\n\n\n<div class=\"wp-block-media-text has-media-on-the-right is-stacked-on-mobile\"><div class=\"wp-block-media-text__content\">\n<h3 class=\"wp-block-heading has-large-font-size\" style=\"font-style:normal;font-weight:200\">\u2026 oder mit &#8222;Zeligs&#8220;<\/h3>\n\n\n\n<p class=\"has-white-color has-text-color has-link-color wp-elements-12506bcd70a44ba54d2bd1a804c14fa9\">Miryam Stober (Gesang) und Peter Risthaus (Gitarre), auch als Quartett mit Ulrich Ingenbold (Cajon, Blasinstrumente) <\/p>\n\n\n\n<p class=\"has-white-color has-text-color has-link-color wp-elements-c93334090668682417b0ac55883516f2\"><strong>Gro\u00dfe Band mit Erweiterung durch Saxophon, Posaune, Trompete, Schlagzeug und mehr<\/strong><\/p>\n<\/div><figure class=\"wp-block-media-text__media\"><img loading=\"lazy\" decoding=\"async\" width=\"1024\" height=\"1024\" src=\"https:\/\/cbmusik.de\/wp-content\/uploads\/2023\/03\/cbmusik_1500x1500_0040_cb-Zeligs-4_sw-1024x1024.jpg\" alt=\"\" class=\"wp-image-78 size-full\" srcset=\"https:\/\/cbmusik.de\/wp-content\/uploads\/2023\/03\/cbmusik_1500x1500_0040_cb-Zeligs-4_sw-1024x1024.jpg 1024w, https:\/\/cbmusik.de\/wp-content\/uploads\/2023\/03\/cbmusik_1500x1500_0040_cb-Zeligs-4_sw-300x300.jpg 300w, https:\/\/cbmusik.de\/wp-content\/uploads\/2023\/03\/cbmusik_1500x1500_0040_cb-Zeligs-4_sw-150x150.jpg 150w, https:\/\/cbmusik.de\/wp-content\/uploads\/2023\/03\/cbmusik_1500x1500_0040_cb-Zeligs-4_sw-768x768.jpg 768w, https:\/\/cbmusik.de\/wp-content\/uploads\/2023\/03\/cbmusik_1500x1500_0040_cb-Zeligs-4_sw.jpg 1500w\" sizes=\"auto, (max-width: 1024px) 100vw, 1024px\" \/><\/figure><\/div>\n<\/div><\/div>\n\n\n\n<h2 class=\"wp-block-heading has-text-align-center has-large-font-size\" id=\"repertoire\" style=\"font-style:normal;font-weight:200\">Stil-voll gro\u00dfes Repertoire <\/h2>\n\n\n\n<p>Eine kleine Auswahl spiegelt bereits bestens die gro\u00dfe musikalische Bandbreite wider. Von Titeln aus den 20er- und 30er-Jahren \u00fcber beliebte Evergreens, Jazz, Latin, Soul, Pop bis hin zu Hits aus der moderneren Zeit bis heute \u2013 je nach Wunsch und Veranstaltung legen wir den Schwerpunkt auf die entsprechend passenden St\u00fccke und Stilrichtungen.<\/p>\n\n\n\n<p>Hier also einige der Titel aus dem gesamten Repertoire. Je nach Formation ergibt sich das jeweilige Repertoire.<\/p>\n\n\n\n<h2 class=\"wp-block-heading alignwide has-text-align-center has-large-font-size\" id=\"liste\" style=\"font-style:normal;font-weight:200\">Besondere W\u00fcnsche? Immer willkommen!<\/h2>\n\n\n\n<p>Gerne erf\u00fcllen wir auch besondere W\u00fcnsche und bereiten gew\u00fcnschte St\u00fccke mit vor \u2013 zum Beispiel f\u00fcr Einlagen anderer K\u00fcnstler oder G\u00e4ste.<\/p>\n\n\n\n<div class=\"wp-block-columns is-layout-flex wp-container-core-columns-is-layout-9d6595d7 wp-block-columns-is-layout-flex\">\n<div class=\"wp-block-column is-layout-flow wp-block-column-is-layout-flow\">\n<p>A Night Like This (Caro Emerald)<br>All Of Me (Evergreen)<br>Autumn Leaves (Evergreen)<br>Back To Black (Amy Winehouse)<br>Bei Mir Bist Du Sch\u00f6n (Evergreen)<br>Bel Ami (Evergreen)<br>Close To You (Carpenters)<br>Dream A Little Dream (Evergreen)<br>Every Breath You Take (Sting)<br>Fever (Peggy Lee)<br>Fields Of Gold (Sting\/Eva Cassidy<br>Fly Me To The Moon (Evergreen)<br>Georgia (Ray Charles)<br>Girl From Ipanema (Evergreen)<br>Halleluja (Leonhard Cohen)<br>Imagine (John Lennon)<br>Je Veux (Zaz)<br>Just The Way You Are (Billy Joel)<\/p>\n<\/div>\n\n\n\n<div class=\"wp-block-column is-layout-flow wp-block-column-is-layout-flow\">\n<p>Killing Me Softly (Roberta Flack)<br>Let It Be (Beatles)<br>Mas Que Nada (Jorge Ben)<br>Mein Mann will mich verlassen (G. Kreisler)<br>Misty (Evergreen)<br>Moon River (Audrey Hepburn)<br>Mr. Sandman (Emmylou Harris)<br>My Baby Just Cares For Me (Nina Simone)<br>New York, New York (Frank Sinatra)<br>Puttin\u2018 On The Ritz (Evergreen)<br>Somewhere Over The Rainbow (Evergreen)<br>Summertime (Evergreen)<br>The Winner Takes It All (Abba)<br>Time After Time (Cindy Lauper)<br>What a wonderful world (Louis Armstrong)<br>You\u2019ll Be In My Heart (Phil Collins)<\/p>\n<\/div>\n<\/div>\n\n\n\n<h2 class=\"wp-block-heading has-text-align-center has-large-font-size\" id=\"buchen\" style=\"font-style:normal;font-weight:200\">Buchen<\/h2>\n\n\n\n<h2 class=\"wp-block-heading alignwide has-text-align-center\" style=\"font-style:normal;font-weight:200\">Telefon: 0170 \u2013 29 09 173<\/h2>\n\n\n\n<div class=\"wpcf7 no-js\" id=\"wpcf7-f250-o1\" lang=\"de-DE\" dir=\"ltr\" data-wpcf7-id=\"250\">\n<div class=\"screen-reader-response\"><p role=\"status\" aria-live=\"polite\" aria-atomic=\"true\"><\/p> <ul><\/ul><\/div>\n<form action=\"\/index.php\/wp-json\/wp\/v2\/pages\/7#wpcf7-f250-o1\" method=\"post\" class=\"wpcf7-form init\" aria-label=\"Kontaktformular\" novalidate=\"novalidate\" data-status=\"init\">\n<fieldset class=\"hidden-fields-container\"><input type=\"hidden\" name=\"_wpcf7\" value=\"250\" \/><input type=\"hidden\" name=\"_wpcf7_version\" value=\"6.1.5\" \/><input type=\"hidden\" name=\"_wpcf7_locale\" value=\"de_DE\" \/><input type=\"hidden\" name=\"_wpcf7_unit_tag\" value=\"wpcf7-f250-o1\" \/><input type=\"hidden\" name=\"_wpcf7_container_post\" value=\"0\" \/><input type=\"hidden\" name=\"_wpcf7_posted_data_hash\" value=\"\" \/>\n<\/fieldset>\n<p><input name=\"53b23d7c-b6c\" type=\"text\" value=\"b4c3dd23-6d38-4120-8a50-fc19d971e2b0\" style=\"display:none\"  \/><input name=\"3870d203-06f6-40c7-94bc-61686282274a\" type=\"text\" value=\"\" style=\"display:none\"  \/><label> Dein Name<br \/>\n<span class=\"wpcf7-form-control-wrap\" data-name=\"your-name\"><input size=\"40\" maxlength=\"400\" class=\"wpcf7-form-control wpcf7-text wpcf7-validates-as-required\" autocomplete=\"name\" aria-required=\"true\" aria-invalid=\"false\" value=\"\" type=\"text\" name=\"your-name\" \/><\/span> <\/label>\n<\/p>\n<p><label> Deine E-Mail-Adresse<br \/>\n<span class=\"wpcf7-form-control-wrap\" data-name=\"your-email\"><input size=\"40\" maxlength=\"400\" class=\"wpcf7-form-control wpcf7-email wpcf7-validates-as-required wpcf7-text wpcf7-validates-as-email\" autocomplete=\"email\" aria-required=\"true\" aria-invalid=\"false\" value=\"\" type=\"email\" name=\"your-email\" \/><\/span> <\/label>\n<\/p>\n<p><label> Betreff<br \/>\n<span class=\"wpcf7-form-control-wrap\" data-name=\"your-subject\"><input size=\"40\" maxlength=\"400\" class=\"wpcf7-form-control wpcf7-text wpcf7-validates-as-required\" aria-required=\"true\" aria-invalid=\"false\" value=\"\" type=\"text\" name=\"your-subject\" \/><\/span> <\/label>\n<\/p>\n<p><label> Deine Nachricht (optional)<br \/>\n<span class=\"wpcf7-form-control-wrap\" data-name=\"your-message\"><textarea cols=\"40\" rows=\"10\" maxlength=\"2000\" class=\"wpcf7-form-control wpcf7-textarea\" aria-invalid=\"false\" name=\"your-message\"><\/textarea><\/span> <\/label>\n<\/p>\n<p><input class=\"wpcf7-form-control wpcf7-submit has-spinner\" type=\"submit\" value=\"Senden\" \/>\n<\/p><div class=\"wpcf7-response-output\" aria-hidden=\"true\"><\/div>\n<\/form>\n<\/div>\n\n","protected":false},"excerpt":{"rendered":"<p>Klavier solo f\u00fcr das stilvolle Ambiente Klaviermusik live f\u00fcr eine sch\u00f6ne Atmosph\u00e4re bei Feiern, Empf\u00e4ngen, Veranstaltungen verschiedenster Art \u2013 Hochzeiten,<\/p>\n<p><a href=\"https:\/\/cbmusik.de\/\" class=\"more-link\">Continue reading<span class=\"screen-reader-text\">Pianist, Arrangeur, Komponist<\/span><\/a><\/p>\n","protected":false},"author":1,"featured_media":0,"parent":0,"menu_order":0,"comment_status":"closed","ping_status":"closed","template":"","meta":{"footnotes":""},"class_list":["post-7","page","type-page","status-publish","hentry"],"yoast_head":"<!-- This site is optimized with the Yoast SEO plugin v27.3 - https:\/\/yoast.com\/product\/yoast-seo-wordpress\/ -->\n<title>Pianist, Arrangeur, Komponist - cbmusik<\/title>\n<meta name=\"description\" content=\"Pianist, Klavierspieler f\u00fcr -&gt; Privatfeiern, Hochzeiten, Firmenevents, Messen oder auch -&gt; Begleiter f\u00fcr S\u00e4nger(innen). Auch im -&gt; Duo mit S\u00e4ngerin und mehr buchbar\" \/>\n<meta name=\"robots\" content=\"index, follow, max-snippet:-1, max-image-preview:large, max-video-preview:-1\" \/>\n<link rel=\"canonical\" href=\"https:\/\/cbmusik.de\" \/>\n<meta property=\"og:locale\" content=\"de_DE\" \/>\n<meta property=\"og:type\" content=\"article\" \/>\n<meta property=\"og:title\" content=\"Pianist, Arrangeur, Komponist - cbmusik\" \/>\n<meta property=\"og:description\" content=\"Pianist, Klavierspieler f\u00fcr -&gt; Privatfeiern, Hochzeiten, Firmenevents, Messen oder auch -&gt; Begleiter f\u00fcr S\u00e4nger(innen). Auch im -&gt; Duo mit S\u00e4ngerin und mehr buchbar\" \/>\n<meta property=\"og:url\" content=\"https:\/\/cbmusik.de\" \/>\n<meta property=\"og:site_name\" content=\"cbmusik\" \/>\n<meta property=\"article:modified_time\" content=\"2026-04-04T11:08:19+00:00\" \/>\n<meta property=\"og:image\" content=\"https:\/\/cbmusik.de\/wp-content\/uploads\/2023\/03\/cbmusik_1500x1500_0012_cb-solo-2_sw.jpg\" \/>\n\t<meta property=\"og:image:width\" content=\"1500\" \/>\n\t<meta property=\"og:image:height\" content=\"1500\" \/>\n\t<meta property=\"og:image:type\" content=\"image\/jpeg\" \/>\n<meta name=\"twitter:card\" content=\"summary_large_image\" \/>\n<meta name=\"twitter:label1\" content=\"Gesch\u00e4tzte Lesezeit\" \/>\n\t<meta name=\"twitter:data1\" content=\"4\u00a0Minuten\" \/>\n<script type=\"application\/ld+json\" class=\"yoast-schema-graph\">{\"@context\":\"https:\\\/\\\/schema.org\",\"@graph\":[{\"@type\":\"WebPage\",\"@id\":\"https:\\\/\\\/cbmusik.de\\\/\",\"url\":\"https:\\\/\\\/cbmusik.de\",\"name\":\"Pianist, Arrangeur, Komponist - cbmusik\",\"isPartOf\":{\"@id\":\"https:\\\/\\\/cbmusik.de\\\/#website\"},\"primaryImageOfPage\":{\"@id\":\"https:\\\/\\\/cbmusik.de#primaryimage\"},\"image\":{\"@id\":\"https:\\\/\\\/cbmusik.de#primaryimage\"},\"thumbnailUrl\":\"https:\\\/\\\/cbmusik.de\\\/wp-content\\\/uploads\\\/2023\\\/03\\\/cbmusik_1500x1500_0012_cb-solo-2_sw-1024x1024.jpg\",\"datePublished\":\"2023-03-16T16:17:25+00:00\",\"dateModified\":\"2026-04-04T11:08:19+00:00\",\"description\":\"Pianist, Klavierspieler f\u00fcr -> Privatfeiern, Hochzeiten, Firmenevents, Messen oder auch -> Begleiter f\u00fcr S\u00e4nger(innen). Auch im -> Duo mit S\u00e4ngerin und mehr buchbar\",\"breadcrumb\":{\"@id\":\"https:\\\/\\\/cbmusik.de#breadcrumb\"},\"inLanguage\":\"de\",\"potentialAction\":[{\"@type\":\"ReadAction\",\"target\":[\"https:\\\/\\\/cbmusik.de\"]}]},{\"@type\":\"ImageObject\",\"inLanguage\":\"de\",\"@id\":\"https:\\\/\\\/cbmusik.de#primaryimage\",\"url\":\"https:\\\/\\\/cbmusik.de\\\/wp-content\\\/uploads\\\/2023\\\/03\\\/cbmusik_1500x1500_0012_cb-solo-2_sw.jpg\",\"contentUrl\":\"https:\\\/\\\/cbmusik.de\\\/wp-content\\\/uploads\\\/2023\\\/03\\\/cbmusik_1500x1500_0012_cb-solo-2_sw.jpg\",\"width\":1500,\"height\":1500,\"caption\":\"Pianist Christoph Berghorn am Fl\u00fcgel\"},{\"@type\":\"BreadcrumbList\",\"@id\":\"https:\\\/\\\/cbmusik.de#breadcrumb\",\"itemListElement\":[{\"@type\":\"ListItem\",\"position\":1,\"name\":\"Startseite\",\"item\":\"https:\\\/\\\/cbmusik.de\\\/\"},{\"@type\":\"ListItem\",\"position\":2,\"name\":\"Pianist, Arrangeur, Komponist\"}]},{\"@type\":\"WebSite\",\"@id\":\"https:\\\/\\\/cbmusik.de\\\/#website\",\"url\":\"https:\\\/\\\/cbmusik.de\\\/\",\"name\":\"cbmusik\",\"description\":\"Pianist, Arrangeur, Komponist\",\"potentialAction\":[{\"@type\":\"SearchAction\",\"target\":{\"@type\":\"EntryPoint\",\"urlTemplate\":\"https:\\\/\\\/cbmusik.de\\\/?s={search_term_string}\"},\"query-input\":{\"@type\":\"PropertyValueSpecification\",\"valueRequired\":true,\"valueName\":\"search_term_string\"}}],\"inLanguage\":\"de\"}]}<\/script>\n<!-- \/ Yoast SEO plugin. -->","yoast_head_json":{"title":"Pianist, Arrangeur, Komponist - cbmusik","description":"Pianist, Klavierspieler f\u00fcr -> Privatfeiern, Hochzeiten, Firmenevents, Messen oder auch -> Begleiter f\u00fcr S\u00e4nger(innen). Auch im -> Duo mit S\u00e4ngerin und mehr buchbar","robots":{"index":"index","follow":"follow","max-snippet":"max-snippet:-1","max-image-preview":"max-image-preview:large","max-video-preview":"max-video-preview:-1"},"canonical":"https:\/\/cbmusik.de","og_locale":"de_DE","og_type":"article","og_title":"Pianist, Arrangeur, Komponist - cbmusik","og_description":"Pianist, Klavierspieler f\u00fcr -> Privatfeiern, Hochzeiten, Firmenevents, Messen oder auch -> Begleiter f\u00fcr S\u00e4nger(innen). Auch im -> Duo mit S\u00e4ngerin und mehr buchbar","og_url":"https:\/\/cbmusik.de","og_site_name":"cbmusik","article_modified_time":"2026-04-04T11:08:19+00:00","og_image":[{"width":1500,"height":1500,"url":"https:\/\/cbmusik.de\/wp-content\/uploads\/2023\/03\/cbmusik_1500x1500_0012_cb-solo-2_sw.jpg","type":"image\/jpeg"}],"twitter_card":"summary_large_image","twitter_misc":{"Gesch\u00e4tzte Lesezeit":"4\u00a0Minuten"},"schema":{"@context":"https:\/\/schema.org","@graph":[{"@type":"WebPage","@id":"https:\/\/cbmusik.de\/","url":"https:\/\/cbmusik.de","name":"Pianist, Arrangeur, Komponist - cbmusik","isPartOf":{"@id":"https:\/\/cbmusik.de\/#website"},"primaryImageOfPage":{"@id":"https:\/\/cbmusik.de#primaryimage"},"image":{"@id":"https:\/\/cbmusik.de#primaryimage"},"thumbnailUrl":"https:\/\/cbmusik.de\/wp-content\/uploads\/2023\/03\/cbmusik_1500x1500_0012_cb-solo-2_sw-1024x1024.jpg","datePublished":"2023-03-16T16:17:25+00:00","dateModified":"2026-04-04T11:08:19+00:00","description":"Pianist, Klavierspieler f\u00fcr -> Privatfeiern, Hochzeiten, Firmenevents, Messen oder auch -> Begleiter f\u00fcr S\u00e4nger(innen). Auch im -> Duo mit S\u00e4ngerin und mehr buchbar","breadcrumb":{"@id":"https:\/\/cbmusik.de#breadcrumb"},"inLanguage":"de","potentialAction":[{"@type":"ReadAction","target":["https:\/\/cbmusik.de"]}]},{"@type":"ImageObject","inLanguage":"de","@id":"https:\/\/cbmusik.de#primaryimage","url":"https:\/\/cbmusik.de\/wp-content\/uploads\/2023\/03\/cbmusik_1500x1500_0012_cb-solo-2_sw.jpg","contentUrl":"https:\/\/cbmusik.de\/wp-content\/uploads\/2023\/03\/cbmusik_1500x1500_0012_cb-solo-2_sw.jpg","width":1500,"height":1500,"caption":"Pianist Christoph Berghorn am Fl\u00fcgel"},{"@type":"BreadcrumbList","@id":"https:\/\/cbmusik.de#breadcrumb","itemListElement":[{"@type":"ListItem","position":1,"name":"Startseite","item":"https:\/\/cbmusik.de\/"},{"@type":"ListItem","position":2,"name":"Pianist, Arrangeur, Komponist"}]},{"@type":"WebSite","@id":"https:\/\/cbmusik.de\/#website","url":"https:\/\/cbmusik.de\/","name":"cbmusik","description":"Pianist, Arrangeur, Komponist","potentialAction":[{"@type":"SearchAction","target":{"@type":"EntryPoint","urlTemplate":"https:\/\/cbmusik.de\/?s={search_term_string}"},"query-input":{"@type":"PropertyValueSpecification","valueRequired":true,"valueName":"search_term_string"}}],"inLanguage":"de"}]}},"_links":{"self":[{"href":"https:\/\/cbmusik.de\/index.php\/wp-json\/wp\/v2\/pages\/7","targetHints":{"allow":["GET"]}}],"collection":[{"href":"https:\/\/cbmusik.de\/index.php\/wp-json\/wp\/v2\/pages"}],"about":[{"href":"https:\/\/cbmusik.de\/index.php\/wp-json\/wp\/v2\/types\/page"}],"author":[{"embeddable":true,"href":"https:\/\/cbmusik.de\/index.php\/wp-json\/wp\/v2\/users\/1"}],"replies":[{"embeddable":true,"href":"https:\/\/cbmusik.de\/index.php\/wp-json\/wp\/v2\/comments?post=7"}],"version-history":[{"count":156,"href":"https:\/\/cbmusik.de\/index.php\/wp-json\/wp\/v2\/pages\/7\/revisions"}],"predecessor-version":[{"id":365,"href":"https:\/\/cbmusik.de\/index.php\/wp-json\/wp\/v2\/pages\/7\/revisions\/365"}],"wp:attachment":[{"href":"https:\/\/cbmusik.de\/index.php\/wp-json\/wp\/v2\/media?parent=7"}],"curies":[{"name":"wp","href":"https:\/\/api.w.org\/{rel}","templated":true}]}}