{"id":413,"date":"2026-04-04T11:24:26","date_gmt":"2026-04-04T11:24:26","guid":{"rendered":"https:\/\/cbmusik.de\/?page_id=413"},"modified":"2026-04-04T11:26:32","modified_gmt":"2026-04-04T11:26:32","slug":"erfahrener-pianist-fuer-trauung-und-hochzeitsempfang-festessen-und-mehr","status":"publish","type":"page","link":"https:\/\/cbmusik.de\/index.php\/erfahrener-pianist-fuer-trauung-und-hochzeitsempfang-festessen-und-mehr\/","title":{"rendered":"Erfahrener Pianist f\u00fcr Trauung und Hochzeitsempfang, Festessen und mehr"},"content":{"rendered":"\n<div class=\"wp-block-columns is-layout-flex wp-container-core-columns-is-layout-9d6595d7 wp-block-columns-is-layout-flex\">\n<div class=\"wp-block-column is-layout-flow wp-block-column-is-layout-flow\" style=\"flex-basis:25%\"><\/div>\n\n\n\n<div class=\"wp-block-column is-layout-flow wp-block-column-is-layout-flow\" style=\"flex-basis:50%\">\n<ul class=\"wp-block-list\">\n<li>Gef\u00fchlvolle Klaviermusik der verschiedensten Stilrichtungen<\/li>\n\n\n\n<li>Wunschst\u00fccke f\u00fcr Zeremonie und Empfang eigens nach Ihren Vorstellungen&nbsp;<\/li>\n\n\n\n<li>Flexibel auf vorhandenem Instrument oder meinem eigenen mitgebrachten Digitalpiano<\/li>\n<\/ul>\n<\/div>\n\n\n\n<div class=\"wp-block-column is-layout-flow wp-block-column-is-layout-flow\" style=\"flex-basis:25%\"><\/div>\n<\/div>\n\n\n\n<p>Sie m\u00f6chten den Rahmen und die Atmosph\u00e4re bei der Hochzeit veredeln und w\u00fcnschen sich einen Pianisten, der mit seiner live gespielten Klaviermusik genau den richtigen Ton trifft? Ein bestimmtes St\u00fcck bei Trauzeremonie? Dezente Hintergrundmusik beim Empfang und Hochzeitsdinner? Klavierbegleitung f\u00fcr S\u00e4nger*innen bei einer Einlage? Genau das alles kann ich Ihnen bieten als Hochzeitspianist, der sich insbesondere auf solche Festlichkeiten versteht.&nbsp;<\/p>\n\n\n\n<p><strong>Aus Erfahrung flexibel und sensibel&nbsp;<\/strong><\/p>\n\n\n\n<p>Jahrzehntelange Erfahrung und ein sensibles Fingerspitzengef\u00fchl f\u00fcr eine genau passende Titelauswahl aus allen Stilrichtungen und eine angenehme Lautst\u00e4rke sind die positiven Qualit\u00e4ten, auf die Sie sich verlassen und freuen k\u00f6nnen. Grade die individuell zugeschnittene Titelauswahl sowie der dezente akustische Klangteppich, der nie st\u00f6ren, sondern immer den Ohren schmeicheln soll, sind die wichtigen \u201eZutaten\u201c einer, die das Ambiente veredeln soll.&nbsp;<\/p>\n\n\n\n<p>In den Demobeispielen k\u00f6nnen Sie sicher schon heraush\u00f6ren, wohin die musikalische Reise gehen kann. Ich freue mich, wenn Sie sich melden f\u00fcr eine Anfrage.&nbsp;<\/p>\n\n\n\n<div class=\"wp-block-columns is-layout-flex wp-container-core-columns-is-layout-9d6595d7 wp-block-columns-is-layout-flex\">\n<div class=\"wp-block-column is-layout-flow wp-block-column-is-layout-flow\" style=\"flex-basis:25%\"><\/div>\n\n\n\n<div class=\"wp-block-column is-layout-flow wp-block-column-is-layout-flow\" style=\"flex-basis:50%\">\n<div class=\"wp-block-cover is-light wp-block-cover-round\"><span aria-hidden=\"true\" class=\"wp-block-cover__background has-yellow-background-color has-background-dim-100 has-background-dim\"><\/span><div class=\"wp-block-cover__inner-container is-layout-constrained wp-block-cover-is-layout-constrained\">\n<h3 class=\"wp-block-heading has-text-align-center has-large-font-size\">Kontakt<\/h3>\n\n\n\n<p>Telefonisch bin ich unter <strong>0170 \u2013 290 917 3 <\/strong>meist gut erreichbar. Sie k\u00f6nnen sich ebenfalls gerne \u00fcber das <a href=\"https:\/\/cbmusik.de\/#buchen\">Kontaktformular<\/a> melden und Ihre Telefonnummer hinterlassen. Dann ruf ich zeitnah zur\u00fcck.<\/p>\n<\/div><\/div>\n<\/div>\n\n\n\n<div class=\"wp-block-column is-layout-flow wp-block-column-is-layout-flow\" style=\"flex-basis:25%\"><\/div>\n<\/div>\n","protected":false},"excerpt":{"rendered":"<p>Sie m\u00f6chten den Rahmen und die Atmosph\u00e4re bei der Hochzeit veredeln und w\u00fcnschen sich einen Pianisten, der mit seiner live<\/p>\n<p><a href=\"https:\/\/cbmusik.de\/index.php\/erfahrener-pianist-fuer-trauung-und-hochzeitsempfang-festessen-und-mehr\/\" class=\"more-link\">Continue reading<span class=\"screen-reader-text\">Erfahrener Pianist f\u00fcr Trauung und Hochzeitsempfang, Festessen und mehr<\/span><\/a><\/p>\n","protected":false},"author":1,"featured_media":0,"parent":0,"menu_order":0,"comment_status":"closed","ping_status":"closed","template":"","meta":{"footnotes":""},"class_list":["post-413","page","type-page","status-publish","hentry"],"yoast_head":"<!-- This site is optimized with the Yoast SEO plugin v27.3 - https:\/\/yoast.com\/product\/yoast-seo-wordpress\/ -->\n<title>Erfahrener Pianist f\u00fcr Trauung und Hochzeitsempfang, Festessen und mehr - cbmusik<\/title>\n<meta name=\"robots\" content=\"index, follow, max-snippet:-1, max-image-preview:large, max-video-preview:-1\" \/>\n<link rel=\"canonical\" href=\"https:\/\/cbmusik.de\/index.php\/erfahrener-pianist-fuer-trauung-und-hochzeitsempfang-festessen-und-mehr\/\" \/>\n<meta property=\"og:locale\" content=\"de_DE\" \/>\n<meta property=\"og:type\" content=\"article\" \/>\n<meta property=\"og:title\" content=\"Erfahrener Pianist f\u00fcr Trauung und Hochzeitsempfang, Festessen und mehr - cbmusik\" \/>\n<meta property=\"og:description\" content=\"Sie m\u00f6chten den Rahmen und die Atmosph\u00e4re bei der Hochzeit veredeln und w\u00fcnschen sich einen Pianisten, der mit seiner liveContinue readingErfahrener Pianist f\u00fcr Trauung und Hochzeitsempfang, Festessen und mehr\" \/>\n<meta property=\"og:url\" content=\"https:\/\/cbmusik.de\/index.php\/erfahrener-pianist-fuer-trauung-und-hochzeitsempfang-festessen-und-mehr\/\" \/>\n<meta property=\"og:site_name\" content=\"cbmusik\" \/>\n<meta property=\"article:modified_time\" content=\"2026-04-04T11:26:32+00:00\" \/>\n<meta name=\"twitter:card\" content=\"summary_large_image\" \/>\n<meta name=\"twitter:label1\" content=\"Gesch\u00e4tzte Lesezeit\" \/>\n\t<meta name=\"twitter:data1\" content=\"2\u00a0Minuten\" \/>\n<script type=\"application\/ld+json\" class=\"yoast-schema-graph\">{\"@context\":\"https:\\\/\\\/schema.org\",\"@graph\":[{\"@type\":\"WebPage\",\"@id\":\"https:\\\/\\\/cbmusik.de\\\/index.php\\\/erfahrener-pianist-fuer-trauung-und-hochzeitsempfang-festessen-und-mehr\\\/\",\"url\":\"https:\\\/\\\/cbmusik.de\\\/index.php\\\/erfahrener-pianist-fuer-trauung-und-hochzeitsempfang-festessen-und-mehr\\\/\",\"name\":\"Erfahrener Pianist f\u00fcr Trauung und Hochzeitsempfang, Festessen und mehr - cbmusik\",\"isPartOf\":{\"@id\":\"https:\\\/\\\/cbmusik.de\\\/#website\"},\"datePublished\":\"2026-04-04T11:24:26+00:00\",\"dateModified\":\"2026-04-04T11:26:32+00:00\",\"breadcrumb\":{\"@id\":\"https:\\\/\\\/cbmusik.de\\\/index.php\\\/erfahrener-pianist-fuer-trauung-und-hochzeitsempfang-festessen-und-mehr\\\/#breadcrumb\"},\"inLanguage\":\"de\",\"potentialAction\":[{\"@type\":\"ReadAction\",\"target\":[\"https:\\\/\\\/cbmusik.de\\\/index.php\\\/erfahrener-pianist-fuer-trauung-und-hochzeitsempfang-festessen-und-mehr\\\/\"]}]},{\"@type\":\"BreadcrumbList\",\"@id\":\"https:\\\/\\\/cbmusik.de\\\/index.php\\\/erfahrener-pianist-fuer-trauung-und-hochzeitsempfang-festessen-und-mehr\\\/#breadcrumb\",\"itemListElement\":[{\"@type\":\"ListItem\",\"position\":1,\"name\":\"Startseite\",\"item\":\"https:\\\/\\\/cbmusik.de\\\/\"},{\"@type\":\"ListItem\",\"position\":2,\"name\":\"Erfahrener Pianist f\u00fcr Trauung und Hochzeitsempfang, Festessen und mehr\"}]},{\"@type\":\"WebSite\",\"@id\":\"https:\\\/\\\/cbmusik.de\\\/#website\",\"url\":\"https:\\\/\\\/cbmusik.de\\\/\",\"name\":\"cbmusik\",\"description\":\"Pianist, Arrangeur, Komponist\",\"potentialAction\":[{\"@type\":\"SearchAction\",\"target\":{\"@type\":\"EntryPoint\",\"urlTemplate\":\"https:\\\/\\\/cbmusik.de\\\/?s={search_term_string}\"},\"query-input\":{\"@type\":\"PropertyValueSpecification\",\"valueRequired\":true,\"valueName\":\"search_term_string\"}}],\"inLanguage\":\"de\"}]}<\/script>\n<!-- \/ Yoast SEO plugin. -->","yoast_head_json":{"title":"Erfahrener Pianist f\u00fcr Trauung und Hochzeitsempfang, Festessen und mehr - cbmusik","robots":{"index":"index","follow":"follow","max-snippet":"max-snippet:-1","max-image-preview":"max-image-preview:large","max-video-preview":"max-video-preview:-1"},"canonical":"https:\/\/cbmusik.de\/index.php\/erfahrener-pianist-fuer-trauung-und-hochzeitsempfang-festessen-und-mehr\/","og_locale":"de_DE","og_type":"article","og_title":"Erfahrener Pianist f\u00fcr Trauung und Hochzeitsempfang, Festessen und mehr - cbmusik","og_description":"Sie m\u00f6chten den Rahmen und die Atmosph\u00e4re bei der Hochzeit veredeln und w\u00fcnschen sich einen Pianisten, der mit seiner liveContinue readingErfahrener Pianist f\u00fcr Trauung und Hochzeitsempfang, Festessen und mehr","og_url":"https:\/\/cbmusik.de\/index.php\/erfahrener-pianist-fuer-trauung-und-hochzeitsempfang-festessen-und-mehr\/","og_site_name":"cbmusik","article_modified_time":"2026-04-04T11:26:32+00:00","twitter_card":"summary_large_image","twitter_misc":{"Gesch\u00e4tzte Lesezeit":"2\u00a0Minuten"},"schema":{"@context":"https:\/\/schema.org","@graph":[{"@type":"WebPage","@id":"https:\/\/cbmusik.de\/index.php\/erfahrener-pianist-fuer-trauung-und-hochzeitsempfang-festessen-und-mehr\/","url":"https:\/\/cbmusik.de\/index.php\/erfahrener-pianist-fuer-trauung-und-hochzeitsempfang-festessen-und-mehr\/","name":"Erfahrener Pianist f\u00fcr Trauung und Hochzeitsempfang, Festessen und mehr - cbmusik","isPartOf":{"@id":"https:\/\/cbmusik.de\/#website"},"datePublished":"2026-04-04T11:24:26+00:00","dateModified":"2026-04-04T11:26:32+00:00","breadcrumb":{"@id":"https:\/\/cbmusik.de\/index.php\/erfahrener-pianist-fuer-trauung-und-hochzeitsempfang-festessen-und-mehr\/#breadcrumb"},"inLanguage":"de","potentialAction":[{"@type":"ReadAction","target":["https:\/\/cbmusik.de\/index.php\/erfahrener-pianist-fuer-trauung-und-hochzeitsempfang-festessen-und-mehr\/"]}]},{"@type":"BreadcrumbList","@id":"https:\/\/cbmusik.de\/index.php\/erfahrener-pianist-fuer-trauung-und-hochzeitsempfang-festessen-und-mehr\/#breadcrumb","itemListElement":[{"@type":"ListItem","position":1,"name":"Startseite","item":"https:\/\/cbmusik.de\/"},{"@type":"ListItem","position":2,"name":"Erfahrener Pianist f\u00fcr Trauung und Hochzeitsempfang, Festessen und mehr"}]},{"@type":"WebSite","@id":"https:\/\/cbmusik.de\/#website","url":"https:\/\/cbmusik.de\/","name":"cbmusik","description":"Pianist, Arrangeur, Komponist","potentialAction":[{"@type":"SearchAction","target":{"@type":"EntryPoint","urlTemplate":"https:\/\/cbmusik.de\/?s={search_term_string}"},"query-input":{"@type":"PropertyValueSpecification","valueRequired":true,"valueName":"search_term_string"}}],"inLanguage":"de"}]}},"_links":{"self":[{"href":"https:\/\/cbmusik.de\/index.php\/wp-json\/wp\/v2\/pages\/413","targetHints":{"allow":["GET"]}}],"collection":[{"href":"https:\/\/cbmusik.de\/index.php\/wp-json\/wp\/v2\/pages"}],"about":[{"href":"https:\/\/cbmusik.de\/index.php\/wp-json\/wp\/v2\/types\/page"}],"author":[{"embeddable":true,"href":"https:\/\/cbmusik.de\/index.php\/wp-json\/wp\/v2\/users\/1"}],"replies":[{"embeddable":true,"href":"https:\/\/cbmusik.de\/index.php\/wp-json\/wp\/v2\/comments?post=413"}],"version-history":[{"count":3,"href":"https:\/\/cbmusik.de\/index.php\/wp-json\/wp\/v2\/pages\/413\/revisions"}],"predecessor-version":[{"id":416,"href":"https:\/\/cbmusik.de\/index.php\/wp-json\/wp\/v2\/pages\/413\/revisions\/416"}],"wp:attachment":[{"href":"https:\/\/cbmusik.de\/index.php\/wp-json\/wp\/v2\/media?parent=413"}],"curies":[{"name":"wp","href":"https:\/\/api.w.org\/{rel}","templated":true}]}}