{"id":389,"date":"2026-04-04T10:48:43","date_gmt":"2026-04-04T10:48:43","guid":{"rendered":"https:\/\/cbmusik.de\/?page_id=389"},"modified":"2026-04-04T11:21:37","modified_gmt":"2026-04-04T11:21:37","slug":"hochzeitspianist","status":"publish","type":"page","link":"https:\/\/cbmusik.de\/index.php\/hochzeitspianist\/","title":{"rendered":"Hochzeitspianist"},"content":{"rendered":"\n<h2 class=\"wp-block-heading\"><br>Hochzeitspianist f\u00fcr Trauzeremonie, Empfang, Gala \u2026&nbsp;<\/h2>\n\n\n\n<div class=\"wp-block-columns is-layout-flex wp-container-core-columns-is-layout-9d6595d7 wp-block-columns-is-layout-flex\">\n<div class=\"wp-block-column is-layout-flow wp-block-column-is-layout-flow\" style=\"flex-basis:15%\"><\/div>\n\n\n\n<div class=\"wp-block-column is-layout-flow wp-block-column-is-layout-flow\">\n<ul class=\"wp-block-list\">\n<li><strong>Professionelle Klaviermusik in diversen Stilrichtungen f\u00fcr gehobenes Ambiente<\/strong><\/li>\n\n\n\n<li><strong>Besondere Titel auf Wunsch gerne m\u00f6glich&nbsp;<\/strong><\/li>\n\n\n\n<li><strong>Gerne begleite ich auch andere K\u00fcnstler bei Einlagen.<\/strong><\/li>\n\n\n\n<li><strong>Spiele auf vorhandenem Instrument oder eigenem mitgebrachten Equipment<\/strong><\/li>\n\n\n\n<li><strong>Dresscode f\u00fcr die Garderobe von fein bis leg\u00e8re flexibel absprechba<\/strong><\/li>\n<\/ul>\n<\/div>\n\n\n\n<div class=\"wp-block-column is-layout-flow wp-block-column-is-layout-flow\" style=\"flex-basis:15%\"><\/div>\n<\/div>\n\n\n\n<h2 class=\"wp-block-heading\">Professionelle Vorbereitung und Abstimmung&nbsp;<\/h2>\n\n\n\n<p>Gerne stehe ich f\u00fcr die perfekte Planung zu einer detailgenauen Abstimmung bereit. Je nach gew\u00fcnschtem Musikprogramm kann ich aus meinem umfangreichen Repertoire die passenden Titel zusammenstellen bzw. mich auf die bevorzugten Stilrichtungen beschr\u00e4nken.&nbsp;<\/p>\n\n\n\n<p>Meine jahrzehntelange Erfahrung als Backgroundpianist hat oft gezeigt, dass es in aller Regel aber auch bestens funktioniert, wenn ich mit meinem eigenen Gesp\u00fcr f\u00fcr das jeweils passende Repertoire an den Tasten den dezenten, einf\u00fchlsamen Klangteppich f\u00fcr das gehobene Ambiente liefere. Hierbei spielt nicht zuletzt das sensible Fingerspitzengef\u00fchl f\u00fcr angenehme Lautst\u00e4rke eine entscheidende Rolle. &nbsp;<\/p>\n\n\n\n<p>Die Demobeispiele spiegeln nur einen Teil meines Repertoires wider.&nbsp;<\/p>\n\n\n\n<h2 class=\"wp-block-heading\">Kontakt<\/h2>\n\n\n\n<p>Sie k\u00f6nnen sich ebenfalls gerne \u00fcber das <a href=\"https:\/\/cbmusik.de\/#buchen\" type=\"link\" id=\"https:\/\/cbmusik.de\/#kontakt\">Kontaktformular<\/a> melden und Ihre Telefonnummer hinterlassen. Dann ruf ich Sie zeitnah zur\u00fcck.&nbsp;<\/p>\n\n\n\n<div class=\"wp-block-columns is-layout-flex wp-container-core-columns-is-layout-9d6595d7 wp-block-columns-is-layout-flex\">\n<div class=\"wp-block-column is-layout-flow wp-block-column-is-layout-flow\" style=\"flex-basis:15%\"><\/div>\n\n\n\n<div class=\"wp-block-column is-layout-flow wp-block-column-is-layout-flow\">\n<div class=\"wp-block-cover is-light  wp-block-cover-round\"><span aria-hidden=\"true\" class=\"wp-block-cover__background has-yellow-background-color has-background-dim-100 has-background-dim\"><\/span><div class=\"wp-block-cover__inner-container is-layout-constrained wp-block-cover-is-layout-constrained\">\n<h3 class=\"wp-block-heading has-text-align-center has-large-font-size\">Telefonisch erreichen Sie mich unter <br>0170 \u2013 290 917 3.<\/h3>\n<\/div><\/div>\n<\/div>\n\n\n\n<div class=\"wp-block-column is-layout-flow wp-block-column-is-layout-flow\" style=\"flex-basis:15%\"><\/div>\n<\/div>\n\n\n\n<p><\/p>\n","protected":false},"excerpt":{"rendered":"<p>Hochzeitspianist f\u00fcr Trauzeremonie, Empfang, Gala \u2026&nbsp; Professionelle Vorbereitung und Abstimmung&nbsp; Gerne stehe ich f\u00fcr die perfekte Planung zu einer detailgenauen<\/p>\n<p><a href=\"https:\/\/cbmusik.de\/index.php\/hochzeitspianist\/\" class=\"more-link\">Continue reading<span class=\"screen-reader-text\">Hochzeitspianist<\/span><\/a><\/p>\n","protected":false},"author":1,"featured_media":0,"parent":0,"menu_order":0,"comment_status":"closed","ping_status":"closed","template":"","meta":{"footnotes":""},"class_list":["post-389","page","type-page","status-publish","hentry"],"yoast_head":"<!-- This site is optimized with the Yoast SEO plugin v27.3 - https:\/\/yoast.com\/product\/yoast-seo-wordpress\/ -->\n<title>Hochzeitspianist - cbmusik<\/title>\n<meta name=\"robots\" content=\"index, follow, max-snippet:-1, max-image-preview:large, max-video-preview:-1\" \/>\n<link rel=\"canonical\" href=\"https:\/\/cbmusik.de\/index.php\/hochzeitspianist\/\" \/>\n<meta property=\"og:locale\" content=\"de_DE\" \/>\n<meta property=\"og:type\" content=\"article\" \/>\n<meta property=\"og:title\" content=\"Hochzeitspianist - cbmusik\" \/>\n<meta property=\"og:description\" content=\"Hochzeitspianist f\u00fcr Trauzeremonie, Empfang, Gala \u2026&nbsp; Professionelle Vorbereitung und Abstimmung&nbsp; Gerne stehe ich f\u00fcr die perfekte Planung zu einer detailgenauenContinue readingHochzeitspianist\" \/>\n<meta property=\"og:url\" content=\"https:\/\/cbmusik.de\/index.php\/hochzeitspianist\/\" \/>\n<meta property=\"og:site_name\" content=\"cbmusik\" \/>\n<meta property=\"article:modified_time\" content=\"2026-04-04T11:21:37+00:00\" \/>\n<meta name=\"twitter:card\" content=\"summary_large_image\" \/>\n<meta name=\"twitter:label1\" content=\"Gesch\u00e4tzte Lesezeit\" \/>\n\t<meta name=\"twitter:data1\" content=\"1\u00a0Minute\" \/>\n<script type=\"application\/ld+json\" class=\"yoast-schema-graph\">{\"@context\":\"https:\\\/\\\/schema.org\",\"@graph\":[{\"@type\":\"WebPage\",\"@id\":\"https:\\\/\\\/cbmusik.de\\\/index.php\\\/hochzeitspianist\\\/\",\"url\":\"https:\\\/\\\/cbmusik.de\\\/index.php\\\/hochzeitspianist\\\/\",\"name\":\"Hochzeitspianist - cbmusik\",\"isPartOf\":{\"@id\":\"https:\\\/\\\/cbmusik.de\\\/#website\"},\"datePublished\":\"2026-04-04T10:48:43+00:00\",\"dateModified\":\"2026-04-04T11:21:37+00:00\",\"breadcrumb\":{\"@id\":\"https:\\\/\\\/cbmusik.de\\\/index.php\\\/hochzeitspianist\\\/#breadcrumb\"},\"inLanguage\":\"de\",\"potentialAction\":[{\"@type\":\"ReadAction\",\"target\":[\"https:\\\/\\\/cbmusik.de\\\/index.php\\\/hochzeitspianist\\\/\"]}]},{\"@type\":\"BreadcrumbList\",\"@id\":\"https:\\\/\\\/cbmusik.de\\\/index.php\\\/hochzeitspianist\\\/#breadcrumb\",\"itemListElement\":[{\"@type\":\"ListItem\",\"position\":1,\"name\":\"Startseite\",\"item\":\"https:\\\/\\\/cbmusik.de\\\/\"},{\"@type\":\"ListItem\",\"position\":2,\"name\":\"Hochzeitspianist\"}]},{\"@type\":\"WebSite\",\"@id\":\"https:\\\/\\\/cbmusik.de\\\/#website\",\"url\":\"https:\\\/\\\/cbmusik.de\\\/\",\"name\":\"cbmusik\",\"description\":\"Pianist, Arrangeur, Komponist\",\"potentialAction\":[{\"@type\":\"SearchAction\",\"target\":{\"@type\":\"EntryPoint\",\"urlTemplate\":\"https:\\\/\\\/cbmusik.de\\\/?s={search_term_string}\"},\"query-input\":{\"@type\":\"PropertyValueSpecification\",\"valueRequired\":true,\"valueName\":\"search_term_string\"}}],\"inLanguage\":\"de\"}]}<\/script>\n<!-- \/ Yoast SEO plugin. -->","yoast_head_json":{"title":"Hochzeitspianist - cbmusik","robots":{"index":"index","follow":"follow","max-snippet":"max-snippet:-1","max-image-preview":"max-image-preview:large","max-video-preview":"max-video-preview:-1"},"canonical":"https:\/\/cbmusik.de\/index.php\/hochzeitspianist\/","og_locale":"de_DE","og_type":"article","og_title":"Hochzeitspianist - cbmusik","og_description":"Hochzeitspianist f\u00fcr Trauzeremonie, Empfang, Gala \u2026&nbsp; Professionelle Vorbereitung und Abstimmung&nbsp; Gerne stehe ich f\u00fcr die perfekte Planung zu einer detailgenauenContinue readingHochzeitspianist","og_url":"https:\/\/cbmusik.de\/index.php\/hochzeitspianist\/","og_site_name":"cbmusik","article_modified_time":"2026-04-04T11:21:37+00:00","twitter_card":"summary_large_image","twitter_misc":{"Gesch\u00e4tzte Lesezeit":"1\u00a0Minute"},"schema":{"@context":"https:\/\/schema.org","@graph":[{"@type":"WebPage","@id":"https:\/\/cbmusik.de\/index.php\/hochzeitspianist\/","url":"https:\/\/cbmusik.de\/index.php\/hochzeitspianist\/","name":"Hochzeitspianist - cbmusik","isPartOf":{"@id":"https:\/\/cbmusik.de\/#website"},"datePublished":"2026-04-04T10:48:43+00:00","dateModified":"2026-04-04T11:21:37+00:00","breadcrumb":{"@id":"https:\/\/cbmusik.de\/index.php\/hochzeitspianist\/#breadcrumb"},"inLanguage":"de","potentialAction":[{"@type":"ReadAction","target":["https:\/\/cbmusik.de\/index.php\/hochzeitspianist\/"]}]},{"@type":"BreadcrumbList","@id":"https:\/\/cbmusik.de\/index.php\/hochzeitspianist\/#breadcrumb","itemListElement":[{"@type":"ListItem","position":1,"name":"Startseite","item":"https:\/\/cbmusik.de\/"},{"@type":"ListItem","position":2,"name":"Hochzeitspianist"}]},{"@type":"WebSite","@id":"https:\/\/cbmusik.de\/#website","url":"https:\/\/cbmusik.de\/","name":"cbmusik","description":"Pianist, Arrangeur, Komponist","potentialAction":[{"@type":"SearchAction","target":{"@type":"EntryPoint","urlTemplate":"https:\/\/cbmusik.de\/?s={search_term_string}"},"query-input":{"@type":"PropertyValueSpecification","valueRequired":true,"valueName":"search_term_string"}}],"inLanguage":"de"}]}},"_links":{"self":[{"href":"https:\/\/cbmusik.de\/index.php\/wp-json\/wp\/v2\/pages\/389","targetHints":{"allow":["GET"]}}],"collection":[{"href":"https:\/\/cbmusik.de\/index.php\/wp-json\/wp\/v2\/pages"}],"about":[{"href":"https:\/\/cbmusik.de\/index.php\/wp-json\/wp\/v2\/types\/page"}],"author":[{"embeddable":true,"href":"https:\/\/cbmusik.de\/index.php\/wp-json\/wp\/v2\/users\/1"}],"replies":[{"embeddable":true,"href":"https:\/\/cbmusik.de\/index.php\/wp-json\/wp\/v2\/comments?post=389"}],"version-history":[{"count":7,"href":"https:\/\/cbmusik.de\/index.php\/wp-json\/wp\/v2\/pages\/389\/revisions"}],"predecessor-version":[{"id":412,"href":"https:\/\/cbmusik.de\/index.php\/wp-json\/wp\/v2\/pages\/389\/revisions\/412"}],"wp:attachment":[{"href":"https:\/\/cbmusik.de\/index.php\/wp-json\/wp\/v2\/media?parent=389"}],"curies":[{"name":"wp","href":"https:\/\/api.w.org\/{rel}","templated":true}]}}